{"id":2,"date":"2015-10-06T08:55:32","date_gmt":"2015-10-06T05:55:32","guid":{"rendered":"http:\/\/localhost\/wordpress4\/?page_id=2"},"modified":"2022-03-13T18:10:22","modified_gmt":"2022-03-13T15:10:22","slug":"anasayfa","status":"publish","type":"page","link":"https:\/\/mecmenajerlik.com\/es\/","title":{"rendered":"Casa"},"content":{"rendered":"<p>[vc_row][vc_column][vc_empty_space height=\u00bb60px\u00bb][azexo_generic_content media_type=\u00bbimage\u00bb img_size=\u00bb1170&#215;400&#8243; title=\u00bbMEC MANAGEMENT\u00bb footer_link=\u00bburl:http%3A%2F%2Fmecmenajerlik.com%2Fmenajerlerimiz%2F||\u00bb footer=\u00bbRGV2YW0lQzQlQjE=\u00bb el_class=\u00bbdonate\u00bb image=\u00bb803&#8243;]<\/p>\n<div class=\"entry-content\">\n<p>En el sector gerencial que hemos estado sirviendo por mucho tiempo, seguimos siendo el mejor por nuestros trabajos que estamos llevando. Combinando a\u00f1os de experiencia y conocimiento, damos a nuestros deportistas todo el apoyo como MEC Management.<\/p>\n<\/div>\n<p>[\/azexo_generic_content][vc_empty_space height=\u00bb60px\u00bb][\/vc_column][\/vc_row][vc_row el_class=\u00bbabout-team-trainers equalize-columns-heights\u00bb css=\u00bb.vc_custom_1505978313975{margin-bottom: 60px !important;background-image: url(http:\/\/mecmenajerlik.com\/wp-content\/uploads\/2015\/10\/hakkimizda-bg-1.jpg?id=1977) !important;background-position: center !important;background-repeat: no-repeat !important;background-size: cover !important;}\u00bb][vc_column width=\u00bb1\/2&#8243; css=\u00bb.vc_custom_1445927896443{background-color: #ffc722 !important;}\u00bb el_class=\u00bbh-padding-0&#8243;][azexo_generic_content media_type=\u00bbimage\u00bb img_size=\u00bb340&#215;240&#8243; title=\u00bbSobre Nosotros\u00bb el_class=\u00bbabout-team\u00bb image=\u00bb3046&#8243; footer_link=\u00bburl:http%3A%2F%2Fmecmenajerlik.com%2Fmenajerlerimiz%2F||\u00bb footer=\u00bbRGV2YW0lQzQlQjE=\u00bb css=\u00bb.vc_custom_1547535056398{margin-top: 10px !important;}\u00bb]<\/p>\n<div class=\"entry-content\">\n<p><strong>Seguimos siendo los mejores en nuestra propia ocupaci\u00f3n, que es el sector directivo en el que hemos estado sirviendo durante mucho tiempo. Combinando a\u00f1os de experiencia y conocimiento, damos a nuestros deportistas todo el apoyo como MEC Management.<br \/>\n<\/strong><br \/>\nMEC Management sigue muy bien al sector del f\u00fatbol en las zonas de Europa, Asia, \u00c1frica y Am\u00e9rica del Sur. Este \u00e9xito se debe al hecho de que combinamos nuestras habilidades de organizaci\u00f3n de expertos y nuestros conocimientos deportivos. MEC Management ofrece un rendimiento espec\u00edfico inherente a sus deportistas, con sus especificaciones y experiencia. Sigue tambien muy de cerca a todos sus deportistas con frecuencia, incluso de manera continua.<\/p>\n<\/div>\n<p>[\/azexo_generic_content][\/vc_column][vc_column width=\u00bb1\/2&#8243; css=\u00bb.vc_custom_1506516769052{background-color: #363533 !important;}\u00bb el_class=\u00bbh-padding-0&#8243;][azexo_carousel responsive=\u00bb%5B%7B%22window_width%22%3A%220%22%2C%22items%22%3A%221%22%7D%5D\u00bb title=\u00bbMENAJERLER\u0130M\u0130Z\u00bb el_class=\u00bbtrainers\u00bb][azexo_generic_content media_type=\u00bbimage\u00bb img_size=\u00bb300&#215;300&#8243; image=\u00bb3207&#8243; title=\u00bbKaan toker\u00bb media_link=\u00bburl:http%3A%2F%2Fmecmenajerlik.com%2Fmenajerlerimiz%2F||\u00bb footer_link=\u00bburl:http%3A%2F%2Fmecmenajerlik.com%2Fmenajerlerimiz%2F||\u00bb][\/azexo_generic_content][azexo_generic_content media_type=\u00bbimage\u00bb img_size=\u00bb300&#215;300&#8243; image=\u00bb3205&#8243; title=\u00bb\u00c7a\u011fatay Korkmaz\u00bb media_link=\u00bburl:http%3A%2F%2Fmecmenajerlik.com%2Fmenajerlerimiz%2F||\u00bb footer_link=\u00bburl:http%3A%2F%2Fmecmenajerlik.com%2Fmenajerlerimiz%2F||\u00bb][\/azexo_generic_content][\/azexo_carousel][\/vc_column][\/vc_row][vc_row el_class=\u00bbcontainer\u00bb css=\u00bb.vc_custom_1445948461357{margin-bottom: 60px !important;}\u00bb][vc_column][azexo_generic_content media_type=\u00bbimage\u00bb img_size=\u00bb1170&#215;400&#8243; image=\u00bb550&#8243; title=\u00bbPOR QUE NOSOTROS?\u00bb footer_link=\u00bburl:http%3A%2F%2Fmecmenajerlik.com%2Fmenajerlerimiz%2F||\u00bb footer=\u00bbRGV2YW0lQzQlQjE=\u00bb el_class=\u00bbdonate\u00bb]<\/p>\n<div class=\"entry-content\">\n<p>MEC Management sigue muy bien al sector del f\u00fatbol en las zonas de Europa, Asia, \u00c1frica y Am\u00e9rica del Sur. Creamos trabajos exitosos, combinando nuestras habilidades organizativas especializadas y conocimiento deportivo.<\/p>\n<\/div>\n<p>[\/azexo_generic_content][\/vc_column][\/vc_row][vc_row css=\u00bb.vc_custom_1445943047633{margin-bottom: 0px !important;}\u00bb][vc_column el_class=\u00bbh-padding-0&#8243;][vc_row_inner el_class=\u00bbcontainer\u00bb css=\u00bb.vc_custom_1445358022892{margin-bottom: 0px !important;}\u00bb][vc_column_inner el_class=\u00bbdivDevam\u00bb css=\u00bb.vc_custom_1506516762931{background-color: #4f4f4f !important;}\u00bb][azexo_generic_content title=\u00bbGALER\u0130A\u00bb el_class=\u00bbgallery-title\u00bb]Puede encontrarse las fotos de nuestros exitosos deportistas en la galer\u00eda que hab\u00edan hecho lo mejor a lo largo de su carrera por medio del sacrificio personal al sudar por su profesi\u00f3n. Las fotos pertenecen a nuestros deportistas que hemos trabajado juntos.[\/azexo_generic_content][\/vc_column_inner][\/vc_row_inner][azexo_filters filters=\u00bb%5B%7B%22title%22%3A%22Hepsi%22%2C%22selector%22%3A%22%3E%20.entry%22%7D%2C%7B%22title%22%3A%22Futbol%22%2C%22selector%22%3A%22%3E%20.futbol%22%7D%2C%7B%22title%22%3A%22Futbolcular%22%2C%22selector%22%3A%22%3E%20.futbolcular%22%7D%2C%7B%22title%22%3A%22Gen%C3%A7%20Yetenekler%22%2C%22selector%22%3A%22%3E%20.yetenekler%22%7D%5D\u00bb masonry=\u00bbyes\u00bb responsive=\u00bb%5B%7B%22window_width%22%3A%220%22%2C%22items%22%3A%221%22%7D%2C%7B%22window_width%22%3A%22786%22%2C%22items%22%3A%222%22%7D%2C%7B%22window_width%22%3A%22962%22%2C%22items%22%3A%223%22%7D%2C%7B%22window_width%22%3A%221200%22%2C%22items%22%3A%224%22%7D%5D\u00bb][azexo_generic_content media_type=\u00bbimage\u00bb img_size=\u00bb400&#215;300&#8243; footer_link_click=\u00bbimage_popup\u00bb image=\u00bb2221&#8243; el_class=\u00bbgallery-item futbolcular\u00bb title=\u00bbAdriano\u00bb meta=\u00bbRGVmYW5zJTIwLSUyMFNvbCUyMEJlaw==\u00bb footer_link=\u00bburl:http%3A%2F%2Fmecmenajerlik.com%2Fwp-content%2Fuploads%2F2015%2F10%2Fadriano-correia-besiktas-olympiakos-08072016_xogbjfz53hrr1bczn28fhrwo9.jpg||\u00bb footer=\u00bbLQ==\u00bb][\/azexo_generic_content][azexo_generic_content media_type=\u00bbimage\u00bb img_size=\u00bb400&#215;300&#8243; footer_link_click=\u00bbimage_popup\u00bb image=\u00bb2222&#8243; el_class=\u00bbgallery-item futbolcular futbol\u00bb title=\u00bbRoberto Carlos\u00bb meta=\u00bbRGVmYW5zJTIwLSUyMFNvbCUyMEJlaw==\u00bb footer_link=\u00bburl:http%3A%2F%2Fmecmenajerlik.com%2Fwp-content%2Fuploads%2F2015%2F10%2Froberto.jpg||\u00bb footer=\u00bbLQ==\u00bb][\/azexo_generic_content][azexo_generic_content media_type=\u00bbimage\u00bb img_size=\u00bb400&#215;300&#8243; footer_link_click=\u00bbimage_popup\u00bb image=\u00bb2223&#8243; el_class=\u00bbgallery-item futbolcular sevinc\u00bb title=\u00bbSamuel Eto&#8217;o\u00bb meta=\u00bbU2FudHJhZm9y\u00bb footer_link=\u00bburl:http%3A%2F%2Fmecmenajerlik.com%2Fwp-content%2Fuploads%2F2015%2F10%2Feto-kapak1.jpg||\u00bb footer=\u00bbLQ==\u00bb][\/azexo_generic_content][azexo_generic_content media_type=\u00bbimage\u00bb img_size=\u00bb400&#215;300&#8243; footer_link_click=\u00bbimage_popup\u00bb image=\u00bb2224&#8243; el_class=\u00bbgallery-item taraftar\u00bb title=\u00bbTalisca\u00bb meta=\u00bbT3J0YSUyMFNhaGE=\u00bb footer_link=\u00bburl:http%3A%2F%2Fmecmenajerlik.com%2Fwp-content%2Fuploads%2F2015%2F10%2F376306.jpg||\u00bb footer=\u00bbLQ==\u00bb][\/azexo_generic_content][azexo_generic_content media_type=\u00bbimage\u00bb img_size=\u00bb400&#215;300&#8243; footer_link_click=\u00bbimage_popup\u00bb image=\u00bb2225&#8243; el_class=\u00bbgallery-item yetenekler futbol futbolcular\u00bb title=\u00bbWesley Sneijder\u00bb meta=\u00bbT3J0YSUyMFNhaGE=\u00bb footer_link=\u00bburl:http%3A%2F%2Fmecmenajerlik.com%2Fwp-content%2Fuploads%2F2015%2F10%2Fwesley-sneijder-galatasaray-borussia-dortmund-ucl-221014_5e6mj5ckw8xx10y01m6apib5o.jpg||\u00bb footer=\u00bbLQ==\u00bb][\/azexo_generic_content][azexo_generic_content media_type=\u00bbimage\u00bb img_size=\u00bb400&#215;300&#8243; footer_link_click=\u00bbimage_popup\u00bb image=\u00bb2226&#8243; el_class=\u00bbgallery-item taraftar\u00bb title=\u00bbBurak Y\u0131lmaz\u00bb meta=\u00bbRm9ydmV0JTIwLSUyMFNhbnRyYWZvcg==\u00bb footer_link=\u00bburl:http%3A%2F%2Fmecmenajerlik.com%2Fwp-content%2Fuploads%2F2015%2F10%2F6063.jpg||\u00bb footer=\u00bbLQ==\u00bb][\/azexo_generic_content][azexo_generic_content media_type=\u00bbimage\u00bb img_size=\u00bb400&#215;300&#8243; footer_link_click=\u00bbimage_popup\u00bb image=\u00bb2227&#8243; el_class=\u00bbgallery-item taraftar\u00bb title=\u00bbJuraj Kucka\u00bb meta=\u00bbT3J0YSUyMFNhaGE=\u00bb footer_link=\u00bburl:http%3A%2F%2Fmecmenajerlik.com%2Fwp-content%2Fuploads%2F2015%2F10%2Falanyaspor-tarih-jpg.jpg||\u00bb footer=\u00bbLQ==\u00bb][\/azexo_generic_content][azexo_generic_content media_type=\u00bbimage\u00bb img_size=\u00bb400&#215;300&#8243; footer_link_click=\u00bbimage_popup\u00bb image=\u00bb1158&#8243; el_class=\u00bbgallery-item futbol futbolcular\u00bb title=\u00bbRicardo Costa\u00bb meta=\u00bbU3RvcGVy\u00bb footer_link=\u00bburl:http%3A%2F%2Fmecmenajerlik.com%2Fwp-content%2Fuploads%2F2015%2F10%2Fricardo-costa-galeri-8.jpg||\u00bb footer=\u00bbLQ==\u00bb][\/azexo_generic_content][\/azexo_filters][\/vc_column][\/vc_row][vc_row el_class=\u00bbcontainer\u00bb css=\u00bb.vc_custom_1445948601802{margin-bottom: 60px !important;}\u00bb][vc_column][vc_empty_space][vc_row_inner][vc_column_inner width=\u00bb1\/6&#8243;][\/vc_column_inner][vc_column_inner width=\u00bb2\/3&#8243;][vc_custom_heading text=\u00bbNUESTROS FUTBOL\u0130STAS\u00bb font_container=\u00bbtag:h1|font_size:37|text_align:center\u00bb use_theme_fonts=\u00bbyes\u00bb][vc_column_text]<\/p>\n<p style=\"text-align: center;\">Se puede ver los portales de nuestros jugadores de f\u00fatbol que en la era del desarrollo que nos han preferido y que tienen un alto objetivo en su carrera con la experiencia y tambi\u00e9n puede comunicarse con nosotros para cualquier comunicaci\u00f3n.<\/p>\n<p>[\/vc_column_text][vc_text_separator title=\u00bb\u00bb i_icon_fontawesome=\u00bbfa fa-futbol-o\u00bb i_color=\u00bborange\u00bb color=\u00bbcustom\u00bb add_icon=\u00bbtrue\u00bb accent_color=\u00bb#ffc722&#8243;][\/vc_column_inner][vc_column_inner width=\u00bb1\/6&#8243;][\/vc_column_inner][\/vc_row_inner][azexo_posts_list post_type=\u00bbazsc_player\u00bb max_items=\u00bb4&#8243; template=\u00bbplayer-mini\u00bb el_class=\u00bbhorizontal-list-4&#8243;][\/vc_column][\/vc_row][vc_row el_class=\u00bblast-video\u00bb css=\u00bb.vc_custom_1506013466541{margin-bottom: 0px !important;background-image: url(http:\/\/mecmenajerlik.com\/wp-content\/uploads\/2015\/10\/Rectangle-551-1-1.jpg?id=1984) !important;}\u00bb][vc_column][vc_row_inner el_class=\u00bbcontainer\u00bb][vc_column_inner width=\u00bb1\/6&#8243; offset=\u00bbvc_hidden-xs\u00bb][\/vc_column_inner][vc_column_inner width=\u00bb2\/3&#8243; offset=\u00bbvc_hidden-xs\u00bb][vc_custom_heading text=\u00bbULT\u0130MOS V\u0130DEOS\u00bb font_container=\u00bbtag:h1|font_size:37|text_align:center\u00bb use_theme_fonts=\u00bbyes\u00bb][vc_column_text]<\/p>\n<p style=\"text-align: center;\">Aqu\u00ed puede ver los movimientos, goles, actuaciones y videos de comportamiento muestra m\u00e1s hermosos de futbolistas que hicieron un sonido en todo el mundo.<\/p>\n<p>[\/vc_column_text][vc_video link=\u00bbhttps:\/\/www.youtube.com\/watch?v=qaHtMOIHdo8&#8243;][vc_empty_space height=\u00bb150px\u00bb][\/vc_column_inner][vc_column_inner width=\u00bb1\/6&#8243; offset=\u00bbvc_hidden-xs\u00bb][\/vc_column_inner][\/vc_row_inner][vc_row_inner el_class=\u00bbcontainer\u00bb][vc_column_inner width=\u00bb1\/6&#8243; offset=\u00bbvc_hidden-lg vc_hidden-md vc_hidden-sm\u00bb][\/vc_column_inner][vc_column_inner width=\u00bb2\/3&#8243; offset=\u00bbvc_hidden-lg vc_hidden-md vc_hidden-sm\u00bb][vc_custom_heading text=\u00bbULT\u0130MOS V\u0130DEOS\u00bb font_container=\u00bbtag:h1|font_size:37|text_align:center|color:%23ffffff\u00bb use_theme_fonts=\u00bbyes\u00bb][vc_column_text]<\/p>\n<p style=\"text-align: center; color: white;\">D\u00fcnya \u00e7ap\u0131nda ses getirmi\u015f futbolcular\u0131n, en g\u00fczel hareketlerini, gollerini, \u00e7al\u0131mlar\u0131n\u0131 ve \u00f6rnek davran\u0131\u015f videolar\u0131n\u0131 buradan izleyebilirsiniz.<\/p>\n<p>[\/vc_column_text][vc_video link=\u00bbhttps:\/\/www.youtube.com\/watch?v=oNi3FAvy6Dc\u00bb][vc_empty_space height=\u00bb150px\u00bb][\/vc_column_inner][vc_column_inner width=\u00bb1\/6&#8243; offset=\u00bbvc_hidden-lg vc_hidden-md vc_hidden-sm\u00bb][\/vc_column_inner][\/vc_row_inner][\/vc_column][\/vc_row][vc_row el_class=\u00bbget-in-touch\u00bb css=\u00bb.vc_custom_1446140560741{margin-bottom: 0px !important;background-image: url(http:\/\/azexo.com\/sportak\/wp-content\/uploads\/2015\/10\/soccer19-light.svg?id=393) !important;}\u00bb][vc_column el_class=\u00bbh-padding-0&#8243;][vc_gmaps link=\u00bb#E-8_JTNDaWZyYW1lJTIwc3JjJTNEJTIyaHR0cHMlM0ElMkYlMkZ3d3cuZ29vZ2xlLmNvbSUyRm1hcHMlMkZlbWJlZCUzRnBiJTNEJTIxMW0xOCUyMTFtMTIlMjExbTMlMjExZDMwMDguMTg5MDA0MDUyNzAzJTIxMmQyOS4wMTg5NTAyMTU0MTU4MyUyMTNkNDEuMDY0ODYxMDc5Mjk1MSUyMTJtMyUyMTFmMCUyMTJmMCUyMTNmMCUyMTNtMiUyMTFpMTAyNCUyMTJpNzY4JTIxNGYxMy4xJTIxM20zJTIxMW0yJTIxMXMweDAlMjUzQTB4MCUyMTJ6TkRIQ3NEQXpKelV6TGpVaVRpQXlPY0t3TURFbk1UWXVNU0pGJTIxNWUwJTIxM20yJTIxMXN0ciUyMTJzdHIlMjE0djE1NTM2Njg4NDY3MTElMjIlMjB3aWR0aCUzRCUyMjYwMCUyMiUyMGhlaWdodCUzRCUyMjQ1MCUyMiUyMGZyYW1lYm9yZGVyJTNEJTIyMCUyMiUyMHN0eWxlJTNEJTIyYm9yZGVyJTNBMCUyMiUyMGFsbG93ZnVsbHNjcmVlbiUzRSUzQyUyRmlmcmFtZSUzRQ==\u00bb css=\u00bb.vc_custom_1553669107184{margin-bottom: 0px !important;}\u00bb][vc_row_inner el_class=\u00bbget-in-touch\u00bb][vc_column_inner width=\u00bb5\/12&#8243;][\/vc_column_inner][vc_column_inner width=\u00bb7\/12&#8243;]<div role=\"form\" class=\"wpcf7\" id=\"wpcf7-f357-o3\" lang=\"en-US\" dir=\"ltr\">\n<div class=\"screen-reader-response\"><p role=\"status\" aria-live=\"polite\" aria-atomic=\"true\"><\/p> <ul><\/ul><\/div>\n<form action=\"\/es\/wp-json\/wp\/v2\/pages\/2#wpcf7-f357-o3\" method=\"post\" class=\"wpcf7-form init\" novalidate=\"novalidate\" data-status=\"init\">\n<div style=\"display: none;\">\n<input type=\"hidden\" name=\"_wpcf7\" value=\"357\" \/>\n<input type=\"hidden\" name=\"_wpcf7_version\" value=\"5.5.6\" \/>\n<input type=\"hidden\" name=\"_wpcf7_locale\" value=\"en_US\" \/>\n<input type=\"hidden\" name=\"_wpcf7_unit_tag\" value=\"wpcf7-f357-o3\" \/>\n<input type=\"hidden\" name=\"_wpcf7_container_post\" value=\"0\" \/>\n<input type=\"hidden\" name=\"_wpcf7_posted_data_hash\" value=\"\" \/>\n<input type=\"hidden\" name=\"_wpcf7_recaptcha_response\" value=\"\" \/>\n<\/div>\n<div class=\"get-in-touch\">\n<h1>FORMULARIO DE CONTACTO<\/h1>\n<p><span class=\"wpcf7-form-control-wrap your-name\"><input type=\"text\" name=\"your-name\" value=\"\" size=\"40\" class=\"wpcf7-form-control wpcf7-text wpcf7-validates-as-required\" aria-required=\"true\" aria-invalid=\"false\" placeholder=\"Nombre\" \/><\/span><\/p>\n<p><span class=\"wpcf7-form-control-wrap your-email\"><input type=\"email\" name=\"your-email\" value=\"\" size=\"40\" class=\"wpcf7-form-control wpcf7-text wpcf7-email wpcf7-validates-as-required wpcf7-validates-as-email\" aria-required=\"true\" aria-invalid=\"false\" placeholder=\"Correo Electr\u00f3nico\" \/><\/span><\/p>\n<p><span class=\"wpcf7-form-control-wrap your-message\"><textarea name=\"your-message\" cols=\"40\" rows=\"10\" class=\"wpcf7-form-control wpcf7-textarea\" aria-invalid=\"false\" placeholder=\"Su Mensaje\"><\/textarea><\/span><\/p>\n<div class=\"submit\"><input type=\"submit\" value=\"Enviar\" class=\"wpcf7-form-control has-spinner wpcf7-submit\" \/><\/div>\n<\/div>\n<div class=\"wpcf7-response-output\" aria-hidden=\"true\"><\/div><\/form><\/div>[\/vc_column_inner][\/vc_row_inner][\/vc_column][\/vc_row]<\/p>","protected":false},"excerpt":{"rendered":"<p>[vc_row][vc_column][vc_empty_space height=\u00bb60px\u00bb][azexo_generic_content media_type=\u00bbimage\u00bb img_size=\u00bb1170&#215;400&#8243; title=\u00bbMEC MANAGEMENT\u00bb footer_link=\u00bburl:http%3A%2F%2Fmecmenajerlik.com%2Fmenajerlerimiz%2F||\u00bb footer=\u00bbRGV2YW0lQzQlQjE=\u00bb el_class=\u00bbdonate\u00bb image=\u00bb803&#8243;] En el sector gerencial que hemos estado sirviendo por mucho tiempo, seguimos siendo el mejor por nuestros trabajos que estamos llevando. Combinando a\u00f1os de experiencia y conocimiento, damos a nuestros deportistas todo el apoyo como MEC Management. [\/azexo_generic_content][vc_empty_space height=\u00bb60px\u00bb][\/vc_column][\/vc_row][vc_row el_class=\u00bbabout-team-trainers equalize-columns-heights\u00bb css=\u00bb.vc_custom_1505978313975{margin-bottom: 60px !important;background-image: url(http:\/\/mecmenajerlik.com\/wp-content\/uploads\/2015\/10\/hakkimizda-bg-1.jpg?id=1977) [&hellip;]<\/p>\n","protected":false},"author":2,"featured_media":0,"parent":0,"menu_order":0,"comment_status":"closed","ping_status":"closed","template":"","meta":[],"_links":{"self":[{"href":"https:\/\/mecmenajerlik.com\/es\/wp-json\/wp\/v2\/pages\/2"}],"collection":[{"href":"https:\/\/mecmenajerlik.com\/es\/wp-json\/wp\/v2\/pages"}],"about":[{"href":"https:\/\/mecmenajerlik.com\/es\/wp-json\/wp\/v2\/types\/page"}],"author":[{"embeddable":true,"href":"https:\/\/mecmenajerlik.com\/es\/wp-json\/wp\/v2\/users\/2"}],"replies":[{"embeddable":true,"href":"https:\/\/mecmenajerlik.com\/es\/wp-json\/wp\/v2\/comments?post=2"}],"version-history":[{"count":235,"href":"https:\/\/mecmenajerlik.com\/es\/wp-json\/wp\/v2\/pages\/2\/revisions"}],"predecessor-version":[{"id":3240,"href":"https:\/\/mecmenajerlik.com\/es\/wp-json\/wp\/v2\/pages\/2\/revisions\/3240"}],"wp:attachment":[{"href":"https:\/\/mecmenajerlik.com\/es\/wp-json\/wp\/v2\/media?parent=2"}],"curies":[{"name":"wp","href":"https:\/\/api.w.org\/{rel}","templated":true}]}}