{"id":1919,"date":"2016-12-06T17:28:19","date_gmt":"2016-12-06T15:28:19","guid":{"rendered":"http:\/\/bravomenajerlik.com\/?page_id=1919"},"modified":"2017-10-26T21:18:55","modified_gmt":"2017-10-26T18:18:55","slug":"videolar","status":"publish","type":"page","link":"https:\/\/mecmenajerlik.com\/es\/videolar\/","title":{"rendered":"V\u00eddeos"},"content":{"rendered":"<p>[vc_row][vc_column][vc_empty_space height=\u00bb50px\u00bb][\/vc_column][\/vc_row][vc_row][vc_column width=\u00bb1\/4&#8243;][vc_video link=\u00bbhttps:\/\/www.youtube.com\/watch?v=b1OHocSsYiw&#038;feature=youtu.be\u00bb title=\u00bb10 Aral\u0131k 2016 Sald\u0131r\u0131s\u0131<br \/>\u00ab][\/vc_column][vc_column width=\u00bb1\/4&#8243;][vc_video link=\u00bbhttps:\/\/www.youtube.com\/watch?v=XTQ7VMi16Bo\u00bb title=\u00bbD\u00fcnya Y\u0131ld\u0131zlar\u0131 16 Temmuz&#8217;da Antalya&#8217;da\u00bb][\/vc_column][vc_column width=\u00bb1\/4&#8243;][vc_video link=\u00bbhttps:\/\/www.youtube.com\/watch?v=fUrfOQ9rv5M\u00bb title=\u00bbD\u00fcnya Y\u0131ld\u0131zlar\u0131 16 Temmuz&#8217;da Antalya&#8217;da\u00bb][\/vc_column][vc_column width=\u00bb1\/4&#8243;][vc_video link=\u00bbhttps:\/\/www.youtube.com\/watch?v=RARp2GaNmDY\u00bb title=\u00bbD\u00fcnya y\u0131ld\u0131zlar\u0131 16 Temmuz&#8217;da Antalya&#8217;da\u00bb][\/vc_column][\/vc_row][vc_row][vc_column][vc_empty_space height=\u00bb36px\u00bb][\/vc_column][\/vc_row][vc_row][vc_column width=\u00bb1\/4&#8243;][vc_video link=\u00bbhttps:\/\/www.youtube.com\/watch?v=sStzUAx2_4c\u00bb title=\u00bbD\u00fcnya Y\u0131ld\u0131zlar\u0131 16 Temmuz&#8217;da Antalya&#8217;da\u00bb][\/vc_column][vc_column width=\u00bb1\/4&#8243;][vc_video link=\u00bbhttps:\/\/www.youtube.com\/watch?v=NZvGcKPoneM\u00bb title=\u00bbSurvivor Atakan&#8217;dan Eto&#8217;o Vakf\u0131 D\u00fcnya Y\u0131ld\u0131zlar Karmas\u0131 Ma\u00e7\u0131na Dair A\u00e7\u0131klama\u00bb][\/vc_column][vc_column width=\u00bb1\/4&#8243;][vc_video link=\u00bbhttps:\/\/www.youtube.com\/watch?v=mCtu3XYF40M\u00bb title=\u00bbOnur B\u00fcy\u00fcktop\u00e7u&#8217;dan Eto&#8217;o Vakf\u0131 D\u00fcnya Y\u0131ld\u0131zlar Karmas\u0131 ma\u00e7\u0131na Dair A\u00e7\u0131klama\u00bb][\/vc_column][vc_column width=\u00bb1\/4&#8243;][vc_video link=\u00bbhttps:\/\/www.youtube.com\/watch?v=St7Z4vSNVDE\u00bb title=\u00bbBeyza Durmaz&#8217;dan Eto&#8217;o Vakf\u0131 D\u00fcnya Y\u0131ld\u0131zlar Karmas\u0131na Dair A\u00e7\u0131klama\u00bb][\/vc_column][\/vc_row][vc_row][vc_column][vc_empty_space height=\u00bb36px\u00bb][\/vc_column][\/vc_row][vc_row][vc_column width=\u00bb1\/4&#8243;][vc_video link=\u00bbhttps:\/\/www.youtube.com\/watch?v=WBrtt5JB6Po\u00bb title=\u00bbHakan Altun&#8217;dan Eto&#8217;o Vakf\u0131 D\u00fcnya Y\u0131ld\u0131zlar Karmas\u0131 Ma\u00e7\u0131na Dair A\u00e7\u0131klama\u00bb][\/vc_column][vc_column width=\u00bb1\/4&#8243;][vc_video link=\u00bbhttps:\/\/www.youtube.com\/watch?v=FzkbrNLdrW4&#8243; title=\u00bbFerman Akg\u00fcn&#8217;den Eto&#8217;o Vakf\u0131 D\u00fcnya Y\u0131ld\u0131zlar Karmas\u0131 Ma\u00e7\u0131na Dair A\u00e7\u0131klama\u00bb][\/vc_column][vc_column width=\u00bb1\/4&#8243;][vc_video link=\u00bbhttps:\/\/www.youtube.com\/watch?v=lG_Aecj5drg\u00bb title=\u00bbOyuncu Murat Y\u0131ld\u0131r\u0131m&#8217;dan Eto&#8217;o Vakf\u0131 D\u00fcnya Y\u0131ld\u0131zlar Karmas\u0131 Ma\u00e7\u0131na Dair A\u00e7\u0131klama\u00bb][\/vc_column][vc_column width=\u00bb1\/4&#8243;][vc_video link=\u00bbhttps:\/\/www.youtube.com\/watch?v=yy64FBtFlLU\u00bb title=\u00bbAltay&#8217;dan Eto&#8217;o Vakf\u0131 D\u00fcnya Y\u0131ld\u0131zlar Karmas\u0131 Ma\u00e7\u0131na Dair A\u00e7\u0131klama\u00bb][\/vc_column][\/vc_row][vc_row][vc_column][vc_empty_space height=\u00bb36px\u00bb][\/vc_column][\/vc_row][vc_row][vc_column width=\u00bb1\/4&#8243;][vc_video link=\u00bbhttps:\/\/www.youtube.com\/watch?v=_CTfPHvvqrI\u00bb title=\u00bbAli\u015fan&#8217;dan Eto&#8217;o Vakf\u0131 D\u00fcnya Y\u0131ld\u0131zlar Karmas\u0131 Ma\u00e7\u0131na Dair A\u00e7\u0131klama\u00bb][\/vc_column][vc_column width=\u00bb1\/4&#8243;][vc_video link=\u00bbhttps:\/\/www.youtube.com\/watch?v=a_JhJdJQXGs\u00bb title=\u00bb\u0130ntizar&#8217;dan Eto&#8217;o Vakf\u0131 D\u00fcnya Y\u0131ld\u0131zlar Karmas\u0131 Ma\u00e7\u0131na Dair A\u00e7\u0131klama\u00bb][\/vc_column][vc_column width=\u00bb1\/4&#8243;][vc_video link=\u00bbhttps:\/\/www.youtube.com\/watch?v=l9tYCekDaZk\u00bb title=\u00bbToygar I\u015f\u0131kl\u0131&#8217;dan Eto&#8217;o Vakf\u0131 D\u00fcnya Y\u0131ld\u0131zlar Karmas\u0131 Ma\u00e7\u0131na Dair A\u00e7\u0131klama\u00bb][\/vc_column][vc_column width=\u00bb1\/4&#8243;][vc_video link=\u00bbhttps:\/\/www.youtube.com\/watch?v=a7flPXbZhUY\u00bb title=\u00bbEfecan&#8217;dan Eto&#8217;o Vakf\u0131 D\u00fcnya Y\u0131ld\u0131zlar Karmas\u0131 Ma\u00e7\u0131na Dair A\u00e7\u0131klama\u00bb][\/vc_column][\/vc_row][vc_row][vc_column][vc_empty_space height=\u00bb36px\u00bb][\/vc_column][\/vc_row][vc_row][vc_column width=\u00bb1\/4&#8243;][vc_video link=\u00bbhttps:\/\/www.youtube.com\/watch?v=yhjQmDK86EI\u00bb title=\u00bbKutsi&#8217;den Eto&#8217;o Vakf\u0131 D\u00fcnya Y\u0131ld\u0131zlar Karmas\u0131 Ma\u00e7\u0131na Dair A\u00e7\u0131klama\u00bb][\/vc_column][vc_column width=\u00bb1\/4&#8243;][\/vc_column][vc_column width=\u00bb1\/4&#8243;][\/vc_column][vc_column width=\u00bb1\/4&#8243;][\/vc_column][\/vc_row][vc_row][vc_column][vc_empty_space height=\u00bb50px\u00bb][\/vc_column][\/vc_row]<\/p>\n","protected":false},"excerpt":{"rendered":"<p>[vc_row][vc_column][vc_empty_space height=\u00bb50px\u00bb][\/vc_column][\/vc_row][vc_row][vc_column width=\u00bb1\/4&#8243;][vc_video link=\u00bbhttps:\/\/www.youtube.com\/watch?v=b1OHocSsYiw&#038;feature=youtu.be\u00bb title=\u00bb10 Aral\u0131k 2016 Sald\u0131r\u0131s\u0131\u00ab][\/vc_column][vc_column width=\u00bb1\/4&#8243;][vc_video link=\u00bbhttps:\/\/www.youtube.com\/watch?v=XTQ7VMi16Bo\u00bb title=\u00bbD\u00fcnya Y\u0131ld\u0131zlar\u0131 16 Temmuz&#8217;da Antalya&#8217;da\u00bb][\/vc_column][vc_column width=\u00bb1\/4&#8243;][vc_video link=\u00bbhttps:\/\/www.youtube.com\/watch?v=fUrfOQ9rv5M\u00bb title=\u00bbD\u00fcnya Y\u0131ld\u0131zlar\u0131 16 Temmuz&#8217;da Antalya&#8217;da\u00bb][\/vc_column][vc_column width=\u00bb1\/4&#8243;][vc_video link=\u00bbhttps:\/\/www.youtube.com\/watch?v=RARp2GaNmDY\u00bb title=\u00bbD\u00fcnya y\u0131ld\u0131zlar\u0131 16 Temmuz&#8217;da Antalya&#8217;da\u00bb][\/vc_column][\/vc_row][vc_row][vc_column][vc_empty_space height=\u00bb36px\u00bb][\/vc_column][\/vc_row][vc_row][vc_column width=\u00bb1\/4&#8243;][vc_video link=\u00bbhttps:\/\/www.youtube.com\/watch?v=sStzUAx2_4c\u00bb title=\u00bbD\u00fcnya Y\u0131ld\u0131zlar\u0131 16 Temmuz&#8217;da Antalya&#8217;da\u00bb][\/vc_column][vc_column width=\u00bb1\/4&#8243;][vc_video link=\u00bbhttps:\/\/www.youtube.com\/watch?v=NZvGcKPoneM\u00bb title=\u00bbSurvivor Atakan&#8217;dan Eto&#8217;o Vakf\u0131 D\u00fcnya Y\u0131ld\u0131zlar Karmas\u0131 Ma\u00e7\u0131na Dair A\u00e7\u0131klama\u00bb][\/vc_column][vc_column width=\u00bb1\/4&#8243;][vc_video link=\u00bbhttps:\/\/www.youtube.com\/watch?v=mCtu3XYF40M\u00bb title=\u00bbOnur B\u00fcy\u00fcktop\u00e7u&#8217;dan Eto&#8217;o Vakf\u0131 [&hellip;]<\/p>\n","protected":false},"author":2,"featured_media":0,"parent":0,"menu_order":0,"comment_status":"closed","ping_status":"closed","template":"","meta":[],"_links":{"self":[{"href":"https:\/\/mecmenajerlik.com\/es\/wp-json\/wp\/v2\/pages\/1919"}],"collection":[{"href":"https:\/\/mecmenajerlik.com\/es\/wp-json\/wp\/v2\/pages"}],"about":[{"href":"https:\/\/mecmenajerlik.com\/es\/wp-json\/wp\/v2\/types\/page"}],"author":[{"embeddable":true,"href":"https:\/\/mecmenajerlik.com\/es\/wp-json\/wp\/v2\/users\/2"}],"replies":[{"embeddable":true,"href":"https:\/\/mecmenajerlik.com\/es\/wp-json\/wp\/v2\/comments?post=1919"}],"version-history":[{"count":6,"href":"https:\/\/mecmenajerlik.com\/es\/wp-json\/wp\/v2\/pages\/1919\/revisions"}],"predecessor-version":[{"id":3163,"href":"https:\/\/mecmenajerlik.com\/es\/wp-json\/wp\/v2\/pages\/1919\/revisions\/3163"}],"wp:attachment":[{"href":"https:\/\/mecmenajerlik.com\/es\/wp-json\/wp\/v2\/media?parent=1919"}],"curies":[{"name":"wp","href":"https:\/\/api.w.org\/{rel}","templated":true}]}}